{"id":19,"date":"2021-08-10T04:20:51","date_gmt":"2021-08-10T04:20:51","guid":{"rendered":"https:\/\/wpocean.com\/wp\/consultar\/?page_id=19"},"modified":"2025-06-17T07:40:22","modified_gmt":"2025-06-17T10:40:22","slug":"sobre-nos","status":"publish","type":"page","link":"https:\/\/developers.inhub.app.br\/aw2\/index.php\/sobre-nos\/","title":{"rendered":"Sobre N\u00f3s"},"content":{"rendered":"\t\t<div data-elementor-type=\"wp-page\" data-elementor-id=\"19\" class=\"elementor elementor-19\" data-elementor-post-type=\"page\">\n\t\t\t\t\t\t<section class=\"elementor-section elementor-top-section elementor-element elementor-element-4d6a2c8 elementor-section-full_width elementor-section-height-default elementor-section-height-default\" data-id=\"4d6a2c8\" data-element_type=\"section\" data-e-type=\"section\">\n\t\t\t\t\t\t<div class=\"elementor-container elementor-column-gap-no\">\n\t\t\t\t\t<div class=\"elementor-column elementor-col-100 elementor-top-column elementor-element elementor-element-745d805\" data-id=\"745d805\" data-element_type=\"column\" data-e-type=\"column\">\n\t\t\t<div class=\"elementor-widget-wrap elementor-element-populated\">\n\t\t\t\t\t\t<div class=\"elementor-element elementor-element-0da80c6 elementor-widget elementor-widget-wpo-consultar_about\" data-id=\"0da80c6\" data-element_type=\"widget\" data-e-type=\"widget\" data-settings=\"{&quot;about_image&quot;:{&quot;url&quot;:&quot;http:\\\/\\\/wpocean.com\\\/wp\\\/consultar\\\/wp-content\\\/uploads\\\/2021\\\/09\\\/about-img.jpg&quot;,&quot;id&quot;:1102,&quot;size&quot;:&quot;&quot;,&quot;alt&quot;:&quot;&quot;,&quot;source&quot;:&quot;library&quot;}}\" data-widget_type=\"wpo-consultar_about.default\">\n\t\t\t\t<div class=\"elementor-widget-container\">\n\t\t\t\t\t\t\t<div class=\"wpo-about-section about-section-s3\">\n\t\t\t<div class=\"container\">\n\t\t\t\t<div class=\"row\">\n\t\t\t\t\t<div class=\"col-lg-6 col-md-12 col-12\">\n\t\t\t\t\t\t<div class=\"about-thumnail\">\n\t\t\t\t\t\t\t<img decoding=\"async\" src=\"https:\/\/developers.inhub.app.br\/aw2\/wp-content\/uploads\/2021\/09\/about-img.jpg\" alt=\"\">\t\t\t\t\t\t<\/div>\n\t\t\t\t\t<\/div>\n\t\t\t\t\t<div class=\"col-lg-6 col-md-12 col-12\">\n\t\t\t\t\t\t<div class=\"wpo-about-text\">\n\t\t\t\t\t\t\t<span>Quem Somos<\/span><h2>A AM2 Neg\u00f3cios<\/h2>\t\t\t\t\t\t\t<div class=\"about-content\">\n\t\t\t\t\t\t\t\t<p>A AM2 Neg\u00f3cios \u00e9 uma empresa comprometida em oferecer solu\u00e7\u00f5es financeiras completas e confi\u00e1veis para pessoas f\u00edsicas e jur\u00eddicas. Atuamos com seriedade e transpar\u00eancia nos segmentos de empr\u00e9stimos, cons\u00f3rcios, financiamentos, servi\u00e7os de Limpa Nome, al\u00e9m de consultoria tribut\u00e1ria e consultoria previdenci\u00e1ria.<\/p><p>Nosso prop\u00f3sito \u00e9 facilitar o acesso ao cr\u00e9dito, orientar decis\u00f5es financeiras com intelig\u00eancia e apoiar nossos clientes na constru\u00e7\u00e3o de uma vida mais equilibrada e segura. Com uma equipe especializada e atendimento personalizado, buscamos sempre a melhor alternativa para cada necessidade, respeitando a realidade de cada cliente.<\/p><p>Na AM2 Neg\u00f3cios, voc\u00ea encontra mais do que servi\u00e7os: encontra parceria, confian\u00e7a e compromisso com resultados.<\/p>\t\t\t\t\t\t\t<\/div>\n\t\t\t\t\t\t\t<div class=\"about-button\">\n\t\t\t\t\t\t\t\t\t\t\t\t\t\t\t<\/div>\n\t\t\t\t\t\t<\/div>\n\t\t\t\t\t<\/div>\n\t\t\t\t<\/div>\n\t\t\t<\/div>\n\t\t<\/div>\n\t\t\t\t<\/div>\n\t\t\t\t<\/div>\n\t\t\t\t\t<\/div>\n\t\t<\/div>\n\t\t\t\t\t<\/div>\n\t\t<\/section>\n\t\t\t\t<\/div>\n\t\t","protected":false},"excerpt":{"rendered":"Quem Somos A AM2 Neg\u00f3cios A AM2 Neg\u00f3cios \u00e9 uma empresa comprometida em oferecer solu\u00e7\u00f5es financeiras completas e confi\u00e1veis para pessoas f\u00edsicas e jur\u00eddicas. Atuamos com seriedade e transpar\u00eancia nos segmentos de empr\u00e9stimos, cons\u00f3rcios, financiamentos, servi\u00e7os de Limpa Nome, al\u00e9m de consultoria tribut\u00e1ria e consultoria previdenci\u00e1ria. Nosso prop\u00f3sito \u00e9 facilitar o acesso ao cr\u00e9dito, orientar ","protected":false},"author":1,"featured_media":0,"parent":0,"menu_order":0,"comment_status":"closed","ping_status":"closed","template":"elementor_header_footer","meta":{"footnotes":""},"class_list":["post-19","page","type-page","status-publish","hentry"],"_links":{"self":[{"href":"https:\/\/developers.inhub.app.br\/aw2\/index.php\/wp-json\/wp\/v2\/pages\/19","targetHints":{"allow":["GET"]}}],"collection":[{"href":"https:\/\/developers.inhub.app.br\/aw2\/index.php\/wp-json\/wp\/v2\/pages"}],"about":[{"href":"https:\/\/developers.inhub.app.br\/aw2\/index.php\/wp-json\/wp\/v2\/types\/page"}],"author":[{"embeddable":true,"href":"https:\/\/developers.inhub.app.br\/aw2\/index.php\/wp-json\/wp\/v2\/users\/1"}],"replies":[{"embeddable":true,"href":"https:\/\/developers.inhub.app.br\/aw2\/index.php\/wp-json\/wp\/v2\/comments?post=19"}],"version-history":[{"count":20,"href":"https:\/\/developers.inhub.app.br\/aw2\/index.php\/wp-json\/wp\/v2\/pages\/19\/revisions"}],"predecessor-version":[{"id":1470,"href":"https:\/\/developers.inhub.app.br\/aw2\/index.php\/wp-json\/wp\/v2\/pages\/19\/revisions\/1470"}],"wp:attachment":[{"href":"https:\/\/developers.inhub.app.br\/aw2\/index.php\/wp-json\/wp\/v2\/media?parent=19"}],"curies":[{"name":"wp","href":"https:\/\/api.w.org\/{rel}","templated":true}]}}